{"id":21067283,"date":"2023-10-13T00:04:49","date_gmt":"2023-10-13T04:04:49","guid":{"rendered":"https:\/\/www.staging.altwire.net\/edtest\/?page_id=21067283"},"modified":"2024-12-04T00:42:13","modified_gmt":"2024-12-04T05:42:13","slug":"altwire-newsletter","status":"publish","type":"page","link":"https:\/\/altwire.net\/fr\/bulletin-dinformation-altwire\/","title":{"rendered":"La newsletter AltWire"},"content":{"rendered":"<div class=\"gb-container gb-container-4b40904d\">\n<div class=\"gb-container gb-container-cc40f76c\">\n<div class=\"gb-grid-wrapper gb-grid-wrapper-35471d44\">\n<div class=\"gb-grid-column gb-grid-column-350864a7\"><div class=\"gb-container gb-container-350864a7\">\n<h2 class=\"gb-headline gb-headline-5acce114 gb-headline-text\" id=\"pop-culture-moves-fast-we-move-faster\">La culture pop \u00e9volue rapidement. (Nous \u00e9voluons plus vite.)<\/h2>\n\n<p class=\"gb-headline gb-headline-55bebd81 gb-headline-text\"><strong>Abonnez-vous \u00e0 AltWire pour une exp\u00e9rience plus personnalis\u00e9e, avec notamment des recommandations de notre vaste biblioth\u00e8que de contenus et un e-mail contenant les informations dont vous avez besoin envoy\u00e9 une fois par semaine. Vous pouvez vous d\u00e9sabonner \u00e0 tout moment.<\/strong><\/p>\n\n<p class=\"gb-headline gb-headline-b2b140fe gb-headline-text\"><strong>AltWire utilise Grow, un moyen de sauvegarder, de vous abonner et de partager vos contenus pr\u00e9f\u00e9r\u00e9s sur le Web. Et plus besoin de mots de passe \u00e0 retenir : vous n&#039;avez besoin que d&#039;un seul compte pour vous abonner \u00e0 des milliers de sites Web.<\/strong><\/p>\n\n<p class=\"gb-headline gb-headline-ee6c73bd gb-headline-text\"><strong>Commencez d\u00e8s aujourd&#039;hui !<\/strong><\/p>\n\n<p class=\"gb-headline gb-headline-cf6d6b91 gb-headline-text\">Grow est une marque d\u00e9pos\u00e9e de Mediavine.<\/p>\n<\/div><\/div>\n\n<div class=\"gb-grid-column gb-grid-column-aa754349\"><div class=\"gb-container gb-container-aa754349 hide-on-mobile content-area\">\n\n<span class=\"gb-button gb-button-c765176e gb-button-text grow-click-to-subscribe-widget-1b6f840d-cb7e-432b-86d6-df9d4b5daad5\">Cliquez pour vous abonner<\/span>\n\n<\/div><\/div>\n<\/div>\n<\/div>\n<\/div>","protected":false},"excerpt":{"rendered":"","protected":false},"author":98,"featured_media":0,"parent":0,"menu_order":0,"comment_status":"closed","ping_status":"closed","template":"","meta":{"episode_type":"","audio_file":"","transcript_file":"","podmotor_file_id":"","podmotor_episode_id":"","cover_image":"","cover_image_id":"","duration":"","filesize":"","filesize_raw":"","date_recorded":"","explicit":"","block":"","itunes_episode_number":"","itunes_title":"","itunes_season_number":"","itunes_episode_type":"","ngg_post_thumbnail":0,"footnotes":""},"class_list":["post-21067283","page","type-page","status-publish"],"_links":{"self":[{"href":"https:\/\/altwire.net\/fr\/wp-json\/wp\/v2\/pages\/21067283","targetHints":{"allow":["GET"]}}],"collection":[{"href":"https:\/\/altwire.net\/fr\/wp-json\/wp\/v2\/pages"}],"about":[{"href":"https:\/\/altwire.net\/fr\/wp-json\/wp\/v2\/types\/page"}],"author":[{"embeddable":true,"href":"https:\/\/altwire.net\/fr\/wp-json\/wp\/v2\/users\/98"}],"replies":[{"embeddable":true,"href":"https:\/\/altwire.net\/fr\/wp-json\/wp\/v2\/comments?post=21067283"}],"version-history":[{"count":5,"href":"https:\/\/altwire.net\/fr\/wp-json\/wp\/v2\/pages\/21067283\/revisions"}],"predecessor-version":[{"id":21081471,"href":"https:\/\/altwire.net\/fr\/wp-json\/wp\/v2\/pages\/21067283\/revisions\/21081471"}],"wp:attachment":[{"href":"https:\/\/altwire.net\/fr\/wp-json\/wp\/v2\/media?parent=21067283"}],"curies":[{"name":"wp","href":"https:\/\/api.w.org\/{rel}","templated":true}]}}