{"id":21067287,"date":"2023-10-13T00:06:44","date_gmt":"2023-10-13T04:06:44","guid":{"rendered":"https:\/\/www.staging.altwire.net\/edtest\/?page_id=21067287"},"modified":"2023-10-14T19:10:20","modified_gmt":"2023-10-14T23:10:20","slug":"affiliate-link-policy","status":"publish","type":"page","link":"https:\/\/altwire.net\/es\/politica-de-enlaces-de-afiliados\/","title":{"rendered":"Pol\u00edtica de enlaces de afiliados"},"content":{"rendered":"<section class=\"gb-container gb-container-ddc93cf8\">\n<div class=\"gb-container gb-container-a137aff0\">\n<h2 class=\"gb-headline gb-headline-1dae2bf8 gb-headline-text\" id=\"affiliate-link-policy\">POL\u00cdTICA DE ENLACES DE AFILIADOS<\/h2>\n<\/div>\n\n<div class=\"gb-container gb-container-e591666f\">\n\n<p>En las p\u00e1ginas web de AltWire, los botones y enlaces de texto pueden llevarlo a varios minoristas en l\u00ednea. Al hacer clic en estos enlaces y comprar algo de estos minoristas, nuestro sitio puede obtener una peque\u00f1a comisi\u00f3n. Estos ingresos ayudan a mantener el sitio y a compensar a nuestros escritores por su trabajo.<\/p>\n\n\n\n<p>Nuestros colaboradores escriben y rese\u00f1an productos sin tener en cuenta la inclusi\u00f3n (o falta de ella) de enlaces de afiliados. La ubicaci\u00f3n o la cantidad de enlaces de afiliados no cambia en funci\u00f3n de las calificaciones. <strong>La colocaci\u00f3n de enlaces de afiliados no constituye un respaldo por parte de AltWire.<\/strong><\/p>\n\n\n<h2 class=\"wp-block-heading\" id=\"how-we-choose-which-affiliate-links-to-include\">C\u00f3mo elegimos qu\u00e9 enlaces de afiliados incluir<\/h2>\n\n\n<p>A menudo incluimos enlaces a Amazon, que suele ser el m\u00e1s barato y ofrece el env\u00edo m\u00e1s r\u00e1pido. Sin embargo, podemos incluir enlaces a otros minoristas o a los propios fabricantes. Los fabricantes tambi\u00e9n pueden ofrecer a nuestros lectores c\u00f3digos promocionales exclusivos, a su discreci\u00f3n, que est\u00e1n sujetos a caducar en cualquier momento y no est\u00e1n garantizados.<\/p>\n\n\n\n<p>En ocasiones, podemos ofrecerle una selecci\u00f3n de minoristas para comprar una recomendaci\u00f3n. Lo hacemos para ayudar a nuestros lectores a encontrar la mejor oferta disponible. Los precios pueden cambiar r\u00e1pidamente, por lo que debe revisar todas las opciones antes de realizar una compra. Los lectores siempre deben comparar precios cuando aparece el enlace de m\u00e1s de un socio con un producto. <\/p>\n\n\n\n<p>Al hacer clic en un enlace de afiliado, AltWire recomienda encarecidamente que revise la pol\u00edtica de privacidad de ese sitio. Si bien tratamos de asociarnos solo con minoristas que tengan una pol\u00edtica clara y completa sobre c\u00f3mo se utiliza su informaci\u00f3n de identificaci\u00f3n personal, no tenemos control sobre la pol\u00edtica de un sitio asociado con respecto a su privacidad. Nuestra pol\u00edtica de privacidad puede ser&nbsp;<a href=\"https:\/\/theweatherstationexperts.com\/privacy-policy\/\" rel=\"noopener\">encontrado aqu\u00ed<\/a>.<\/p>\n\n\n<h2 class=\"wp-block-heading\" id=\"sponsored-posts\">Publicaciones patrocinadas<\/h2>\n\n\n<p>De vez en cuando, AltWire puede publicar contenido escrito en nombre de o por fabricantes o promotores que sea relevante para nuestros lectores. Estas publicaciones estar\u00e1n claramente etiquetadas como tales e incluir\u00e1n la etiqueta&nbsp;<a href=\"https:\/\/theweatherstationexperts.com\/tag\/sponsored\/\" rel=\"noopener\">#patrocinado<\/a>&nbsp;en cualquier publicaci\u00f3n en las redes sociales. Si bien aplicamos pautas estrictas sobre los tipos de contenido patrocinado que aceptamos, las opiniones y puntos de vista expresados en estos art\u00edculos pertenecen al autor, no a AltWire.<\/p>\n\n<\/div>\n<\/section>","protected":false},"excerpt":{"rendered":"<p>AFFILIATE LINK POLICY Across AltWire&#8217;s web pages, buttons and text links may take you to various online retailers. Clicking on &#8230; <a title=\"Pol\u00edtica de enlaces de afiliados\" class=\"read-more\" href=\"https:\/\/altwire.net\/es\/politica-de-enlaces-de-afiliados\/\" aria-label=\"More on Affiliate Link Policy\">Leer m\u00e1s<\/a><\/p>","protected":false},"author":98,"featured_media":0,"parent":0,"menu_order":0,"comment_status":"closed","ping_status":"closed","template":"","meta":{"episode_type":"","audio_file":"","transcript_file":"","podmotor_file_id":"","podmotor_episode_id":"","cover_image":"","cover_image_id":"","duration":"","filesize":"","filesize_raw":"","date_recorded":"","explicit":"","block":"","itunes_episode_number":"","itunes_title":"","itunes_season_number":"","itunes_episode_type":"","ngg_post_thumbnail":0,"footnotes":""},"class_list":["post-21067287","page","type-page","status-publish"],"_links":{"self":[{"href":"https:\/\/altwire.net\/es\/wp-json\/wp\/v2\/pages\/21067287","targetHints":{"allow":["GET"]}}],"collection":[{"href":"https:\/\/altwire.net\/es\/wp-json\/wp\/v2\/pages"}],"about":[{"href":"https:\/\/altwire.net\/es\/wp-json\/wp\/v2\/types\/page"}],"author":[{"embeddable":true,"href":"https:\/\/altwire.net\/es\/wp-json\/wp\/v2\/users\/98"}],"replies":[{"embeddable":true,"href":"https:\/\/altwire.net\/es\/wp-json\/wp\/v2\/comments?post=21067287"}],"version-history":[{"count":0,"href":"https:\/\/altwire.net\/es\/wp-json\/wp\/v2\/pages\/21067287\/revisions"}],"wp:attachment":[{"href":"https:\/\/altwire.net\/es\/wp-json\/wp\/v2\/media?parent=21067287"}],"curies":[{"name":"wp","href":"https:\/\/api.w.org\/{rel}","templated":true}]}}