{"id":8391,"date":"2023-10-12T23:29:13","date_gmt":"2023-10-13T03:29:13","guid":{"rendered":"http:\/\/www.altwire.net\/?page_id=8391"},"modified":"2024-11-28T20:42:12","modified_gmt":"2024-11-29T01:42:12","slug":"in-memory-of-edward-d-oswald-1956-2016-altwire-writer-and-co-founder","status":"publish","type":"page","link":"https:\/\/altwire.net\/de\/in-erinnerung-an-edward-d-oswald-1956-2016-altwire-autor-und-mitbegrunder\/","title":{"rendered":"In Erinnerung an Edward D. Oswald (1956-2016): AltWire-Autor und Mitbegr\u00fcnder"},"content":{"rendered":"<div class=\"gb-container gb-container-4b40904d\">\n<div class=\"gb-container gb-container-cc40f76c\">\n<div class=\"gb-grid-wrapper gb-grid-wrapper-35471d44\">\n<div class=\"gb-grid-column gb-grid-column-aa754349\"><div class=\"gb-container gb-container-aa754349 hide-on-mobile\">\n\n<figure class=\"gb-block-image gb-block-image-a501aa10\"><img loading=\"lazy\" decoding=\"async\" width=\"779\" height=\"1280\" class=\"gb-image gb-image-a501aa10\" src=\"https:\/\/altwire.net\/wp-content\/uploads\/2024\/11\/dad.jpg\" alt=\"\" title=\"Papa\" srcset=\"https:\/\/altwire.net\/wp-content\/uploads\/2024\/11\/dad.jpg 779w, https:\/\/altwire.net\/wp-content\/uploads\/2024\/11\/dad-183x300.jpg 183w, https:\/\/altwire.net\/wp-content\/uploads\/2024\/11\/dad-511x840.jpg 511w, https:\/\/altwire.net\/wp-content\/uploads\/2024\/11\/dad-768x1262.jpg 768w, https:\/\/altwire.net\/wp-content\/uploads\/2024\/11\/dad-7x12.jpg 7w\" sizes=\"auto, (max-width: 779px) 100vw, 779px\" \/><\/figure>\n\n<\/div><\/div>\n\n<div class=\"gb-grid-column gb-grid-column-350864a7\"><div class=\"gb-container gb-container-350864a7\">\n\n<h2 id=\"in-memory-of-edward-d-oswald-19562016\" class=\"gb-headline gb-headline-5acce114 gb-headline-text\">In Erinnerung an Edward D. Oswald <br>(1956-2016)<\/h2>\n\n\n\n<p>Im Jahr 2016 erlitt die AltWire-Familie einen der gr\u00f6\u00dften Verluste in unserer relativ jungen Geschichte als Website f\u00fcr alternative Musik.<\/p>\n\n\n\n<p>Der Schriftsteller Ed Oswald (Vater des AltWire-Inhabers Derek Oswald) starb am Sonntag, dem 10. April 2016, v\u00f6llig unerwartet an einem Herzstillstand. Bei seinem pl\u00f6tzlichen Ableben hinterl\u00e4sst er eine liebevolle Familie und einen gro\u00dfen Freundeskreis, der ihn als unglaublichen Mann und Person voller Energie kannte, die eine starke Leidenschaft f\u00fcr das Leben hegte, das er w\u00e4hrend seiner 59 Jahre auf dieser Erde f\u00fchrte. <\/p>\n\n\n\n<p>Ed, liebevoll bekannt als \u201ejedermanns leicht verr\u00fcckter Onkel\u201c, sorgte auf eine Weise f\u00fcr viele L\u00e4cheln, Lacher und Erinnerungen, wie nur er es konnte. Es gibt ein beliebtes Sprichwort \u00fcber \u201edas Brechen von Konventionen\u201c, wenn eine bestimmte einzigartige Person geschaffen wird, und f\u00fcr Ed gibt es keine bessere Beschreibung. Er ist wirklich einzigartig und es macht gro\u00dfen Spa\u00df, mit ihm zusammen zu sein. Es gibt keine Nachahmung, die jemals auch nur ann\u00e4hernd an die Person herankommen wird, die Ed war, als er auf dieser Erde war.<\/p>\n\n\n\n<p>Diejenigen, die die ehrlichen Rezensionen und ausf\u00fchrlichen Interviews mit Bands von AltWire zu sch\u00e4tzen wissen, wissen vielleicht nicht, dass Ed einer der alleinigen Gr\u00fcnde daf\u00fcr ist, dass es AltWire heute gibt. <\/p>\n\n\n\n<p>Es war Eds h\u00e4ufige Ermutigung von Derek und sein Glaube, dass er aus seiner Leidenschaft f\u00fcr Musik etwas Wunderbares schaffen k\u00f6nnte, die 2013 zur Gr\u00fcndung von AltWire f\u00fchrten, nachdem er 13 Jahre lang eine Online-Fan-Community f\u00fcr die \u00e4u\u00dferst erfolgreiche Rockband betrieben hatte. <a href=\"https:\/\/altwire.net\/de\/warum-wir-linkin-park-lieben\/\">Linkin Park<\/a>. <\/p>\n\n\n\n<p>Wenn Ed Derek nicht gedr\u00e4ngt und seine \u00dcberzeugung geteilt h\u00e4tte, dass wir ein Projekt schaffen k\u00f6nnten, das \u201eanders denkt\u201c als andere Musik-Websites, w\u00e4ren wir heute nicht hier. Ed gilt nicht nur als Mitbegr\u00fcnder von AltWire, sondern auch als wesentlicher Bestandteil der Gr\u00fcndung und des fr\u00fchen Erfolgs von AltWire.<\/p>\n\n\n\n<p>Es ist die Erinnerung an Eds wundervollen Geist und seine Leidenschaft f\u00fcr AltWire, die uns auch in den kommenden Jahren den Wunsch nach weiterem Wachstum befl\u00fcgeln wird. Wir lieben dich, Ed!<\/p>\n\n\n\n<h2 id=\"ed-oswald-sr\" class=\"wp-block-heading\">Ed Oswald Sr.<\/h2>\n\n\n\n<h3 id=\"september-19th-1956-april-10th-2016\" class=\"wp-block-heading has-base-color has-text-color\">19. September 1956 \u2013 10. April 2016<\/h3>\n\n<\/div><\/div>\n\n<div class=\"gb-grid-column gb-grid-column-877ce2d7\"><div class=\"gb-container gb-container-877ce2d7 hide-on-mobile\"><\/div><\/div>\n<\/div>\n<\/div>\n<\/div>\n\n\n<p><\/p>","protected":false},"excerpt":{"rendered":"","protected":false},"author":2,"featured_media":0,"parent":0,"menu_order":0,"comment_status":"closed","ping_status":"closed","template":"","meta":{"episode_type":"","audio_file":"","transcript_file":"","podmotor_file_id":"","podmotor_episode_id":"","cover_image":"","cover_image_id":"","duration":"","filesize":"","filesize_raw":"","date_recorded":"","explicit":"","block":"","itunes_episode_number":"","itunes_title":"","itunes_season_number":"","itunes_episode_type":"","ngg_post_thumbnail":0,"footnotes":""},"class_list":["post-8391","page","type-page","status-publish"],"_links":{"self":[{"href":"https:\/\/altwire.net\/de\/wp-json\/wp\/v2\/pages\/8391","targetHints":{"allow":["GET"]}}],"collection":[{"href":"https:\/\/altwire.net\/de\/wp-json\/wp\/v2\/pages"}],"about":[{"href":"https:\/\/altwire.net\/de\/wp-json\/wp\/v2\/types\/page"}],"author":[{"embeddable":true,"href":"https:\/\/altwire.net\/de\/wp-json\/wp\/v2\/users\/2"}],"replies":[{"embeddable":true,"href":"https:\/\/altwire.net\/de\/wp-json\/wp\/v2\/comments?post=8391"}],"version-history":[{"count":4,"href":"https:\/\/altwire.net\/de\/wp-json\/wp\/v2\/pages\/8391\/revisions"}],"predecessor-version":[{"id":21081034,"href":"https:\/\/altwire.net\/de\/wp-json\/wp\/v2\/pages\/8391\/revisions\/21081034"}],"wp:attachment":[{"href":"https:\/\/altwire.net\/de\/wp-json\/wp\/v2\/media?parent=8391"}],"curies":[{"name":"wp","href":"https:\/\/api.w.org\/{rel}","templated":true}]}}