{"id":21067283,"date":"2023-10-13T00:04:49","date_gmt":"2023-10-13T04:04:49","guid":{"rendered":"https:\/\/www.staging.altwire.net\/edtest\/?page_id=21067283"},"modified":"2024-12-04T00:42:13","modified_gmt":"2024-12-04T05:42:13","slug":"altwire-newsletter","status":"publish","type":"page","link":"https:\/\/altwire.net\/de\/altwire-newsletter\/","title":{"rendered":"Der AltWire Newsletter"},"content":{"rendered":"<div class=\"gb-container gb-container-4b40904d\">\n<div class=\"gb-container gb-container-cc40f76c\">\n<div class=\"gb-grid-wrapper gb-grid-wrapper-35471d44\">\n<div class=\"gb-grid-column gb-grid-column-350864a7\"><div class=\"gb-container gb-container-350864a7\">\n\n<h2 id=\"pop-culture-moves-fast-we-move-faster\" class=\"gb-headline gb-headline-5acce114 gb-headline-text\">Die Popkultur entwickelt sich schnell. (Wir entwickeln uns schneller.)<\/h2>\n\n\n\n<p class=\"gb-headline gb-headline-55bebd81 gb-headline-text\"><strong>Abonnieren Sie AltWire f\u00fcr ein pers\u00f6nlicheres Erlebnis, einschlie\u00dflich Empfehlungen aus unserer umfangreichen Inhaltsbibliothek und einer E-Mail mit den wichtigsten Informationen, die Ihnen einmal pro Woche zugeschickt wird. Sie k\u00f6nnen sich jederzeit wieder abmelden.<\/strong><\/p>\n\n\n\n<p class=\"gb-headline gb-headline-b2b140fe gb-headline-text\"><strong>AltWire verwendet Grow, eine M\u00f6glichkeit, Ihre Lieblingsinhalte aus dem gesamten Web zu speichern, zu abonnieren und zu teilen. Und Sie m\u00fcssen sich keine Passw\u00f6rter mehr merken: Sie ben\u00f6tigen nur ein einziges Konto, um Tausende von Websites zu abonnieren.<\/strong><\/p>\n\n\n\n<p class=\"gb-headline gb-headline-ee6c73bd gb-headline-text\"><strong>Legen Sie noch heute los!<\/strong><\/p>\n\n\n\n<p class=\"gb-headline gb-headline-cf6d6b91 gb-headline-text\">Grow ist eine Marke von Mediavine.<\/p>\n\n<\/div><\/div>\n\n<div class=\"gb-grid-column gb-grid-column-aa754349\"><div class=\"gb-container gb-container-aa754349 hide-on-mobile content-area\">\n\n<span class=\"gb-button gb-button-c765176e gb-button-text grow-click-to-subscribe-widget-1b6f840d-cb7e-432b-86d6-df9d4b5daad5\">Klicken Sie hier, um sich anzumelden<\/span>\n\n<\/div><\/div>\n<\/div>\n<\/div>\n<\/div>","protected":false},"excerpt":{"rendered":"","protected":false},"author":98,"featured_media":0,"parent":0,"menu_order":0,"comment_status":"closed","ping_status":"closed","template":"","meta":{"episode_type":"","audio_file":"","transcript_file":"","podmotor_file_id":"","podmotor_episode_id":"","cover_image":"","cover_image_id":"","duration":"","filesize":"","filesize_raw":"","date_recorded":"","explicit":"","block":"","itunes_episode_number":"","itunes_title":"","itunes_season_number":"","itunes_episode_type":"","ngg_post_thumbnail":0,"footnotes":""},"class_list":["post-21067283","page","type-page","status-publish"],"_links":{"self":[{"href":"https:\/\/altwire.net\/de\/wp-json\/wp\/v2\/pages\/21067283","targetHints":{"allow":["GET"]}}],"collection":[{"href":"https:\/\/altwire.net\/de\/wp-json\/wp\/v2\/pages"}],"about":[{"href":"https:\/\/altwire.net\/de\/wp-json\/wp\/v2\/types\/page"}],"author":[{"embeddable":true,"href":"https:\/\/altwire.net\/de\/wp-json\/wp\/v2\/users\/98"}],"replies":[{"embeddable":true,"href":"https:\/\/altwire.net\/de\/wp-json\/wp\/v2\/comments?post=21067283"}],"version-history":[{"count":5,"href":"https:\/\/altwire.net\/de\/wp-json\/wp\/v2\/pages\/21067283\/revisions"}],"predecessor-version":[{"id":21081471,"href":"https:\/\/altwire.net\/de\/wp-json\/wp\/v2\/pages\/21067283\/revisions\/21081471"}],"wp:attachment":[{"href":"https:\/\/altwire.net\/de\/wp-json\/wp\/v2\/media?parent=21067283"}],"curies":[{"name":"wp","href":"https:\/\/api.w.org\/{rel}","templated":true}]}}